{"id":5869,"date":"2023-09-21T10:31:17","date_gmt":"2023-09-21T08:31:17","guid":{"rendered":"https:\/\/duchidaosta.com\/kontakt\/"},"modified":"2025-11-14T10:39:58","modified_gmt":"2025-11-14T09:39:58","slug":"kontakt","status":"publish","type":"page","link":"https:\/\/duchidaosta.com\/de\/kontakt\/","title":{"rendered":"Kontakt"},"content":{"rendered":"<div  class=\"grids-section animated fadeInUp grids-is-advanced alignwide\" style=\"--_gs-gap-desktop:0px 0px;--_gs-m-desktop:0 0 0 0;--_gs-p-desktop:0 0 0 0;--_gs-bg-desktop:transparent none;--_gs-bg-xp-desktop:0px;--_gs-zi-desktop:auto;--_gs-d-desktop:block;--_gs-mw-desktop:calc(100% - 0 - 0);--_gs-gap-tablet:0px 0px;--_gs-m-tablet:0 0 0 0;--_gs-p-tablet:0 0 0 0;--_gs-bg-tablet:transparent none;--_gs-bg-xp-tablet:0px;--_gs-zi-tablet:auto;--_gs-d-tablet:block;--_gs-mw-tablet:calc(100% - 0 - 0);--_gs-gap-mobile:0px 0px;--_gs-m-mobile:0 0 0 0;--_gs-p-mobile:0 0 0 0;--_gs-bg-mobile:transparent none;--_gs-bg-xp-mobile:0px;--_gs-zi-mobile:auto;--_gs-d-mobile:block;--_gs-mw-mobile:calc(100% - 0 - 0);--_gs-columns:12;--_gs-rows:6\"><div class=\"grids-s-w_i\">\n<div class=\"grids-area\" style=\"--_ga-column:1\/13;--_ga-row:1\/7;--_ga-m-desktop:0 0 0 0;--_ga-p-desktop:0 0 0 0;--_ga-bg-desktop:transparent none;--_ga-zi-desktop:auto;--_ga-d-desktop:flex;--_ga-mw-desktop:calc(100% - 0 - 0);--_ga-m-tablet:0 0 0 0;--_ga-p-tablet:0 0 0 0;--_ga-bg-tablet:transparent none;--_ga-zi-tablet:auto;--_ga-d-tablet:flex;--_ga-mw-tablet:calc(100% - 0 - 0);--_ga-m-mobile:0 0 0 0;--_ga-p-mobile:0 0 0 0;--_ga-bg-mobile:transparent none;--_ga-zi-mobile:auto;--_ga-d-mobile:flex;--_ga-mw-mobile:calc(100% - 0 - 0)\">\n\n<p class=\"has-text-align-center\">Das Grand Hotel Duchi d&#8217;Aosta blickt auf <strong>einen der sch\u00f6nsten Pl\u00e4tze Europas, die Piazza Unit\u00e0 d&#8217;Italia<\/strong>.\n        <br><br>Die pr\u00e4chtigen Pal\u00e4ste, die zusammen mit unserem Haus den Platz bilden, beherbigen <strong>die Stadtverwaltung von Triest<\/strong>, die <strong>Region Friaul-Julisch-Venetien<\/strong> und die <strong>Pr\u00e4fektur<\/strong>.\n        <\/p>\n\n\n\n<p class=\"has-text-align-center\">Die weitgehend fu\u00dfg\u00e4ngerfreundliche <strong>Altstadt<\/strong>verzweigt sich rundherum: die Verdi-Oper, die historischen Caf\u00e9s, der Seebahnhof, in dem auch Kongresse stattfinden, die besten Boutiquen, die Hauptsitze der wichtigsten Unternehmen der Stadt sind alle zu Fu\u00df erreichbar.\n\n        <\/p>\n\n<\/div>\n<\/div><\/div>\n\n<div  class=\"grids-section grids-is-advanced alignfull\" style=\"--_gs-gap-desktop:0px 0px;--_gs-m-desktop:0 0 0 0;--_gs-p-desktop:0 0 0 0;--_gs-bg-desktop:transparent none;--_gs-bg-xp-desktop:0px;--_gs-zi-desktop:auto;--_gs-d-desktop:block;--_gs-mw-desktop:calc(100% - 0 - 0);--_gs-gap-tablet:0px 0px;--_gs-m-tablet:0 0 0 0;--_gs-p-tablet:0 0 0 0;--_gs-bg-tablet:transparent none;--_gs-bg-xp-tablet:0px;--_gs-zi-tablet:auto;--_gs-d-tablet:block;--_gs-mw-tablet:calc(100% - 0 - 0);--_gs-gap-mobile:0px 0px;--_gs-m-mobile:0 0 0 0;--_gs-p-mobile:0 0 0 0;--_gs-bg-mobile:transparent none;--_gs-bg-xp-mobile:0px;--_gs-zi-mobile:auto;--_gs-d-mobile:block;--_gs-mw-mobile:calc(100% - 0 - 0);--_gs-columns:12;--_gs-rows:6\"><div class=\"grids-s-w_i\">\n<div class=\"grids-area\" style=\"--_ga-column:4\/10;--_ga-row:1\/2;--_ga-m-desktop:0 0 0 0;--_ga-p-desktop:0 0 0 0;--_ga-bg-desktop:transparent none;--_ga-zi-desktop:auto;--_ga-d-desktop:flex;--_ga-mw-desktop:calc(100% - 0 - 0);--_ga-m-tablet:0 0 0 0;--_ga-p-tablet:0 0 0 0;--_ga-bg-tablet:transparent none;--_ga-zi-tablet:auto;--_ga-d-tablet:flex;--_ga-mw-tablet:calc(100% - 0 - 0);--_ga-m-mobile:0 0 0 0;--_ga-p-mobile:0 0 0 0;--_ga-bg-mobile:transparent none;--_ga-zi-mobile:auto;--_ga-d-mobile:flex;--_ga-mw-mobile:calc(100% - 0 - 0)\">\n\n<p class=\"counter-h\">Kontakt<\/p>\n\n\n\n<h2 class=\"wp-block-heading has-text-align-left\">Wie k\u00f6nnen wir Ihnen helfen?<\/h2>\n\n\n\n<div class=\"wp-block-contact-form-7-contact-form-selector\">\n<div class=\"wpcf7 no-js\" id=\"wpcf7-f184-o1\" lang=\"de-DE\" dir=\"ltr\" data-wpcf7-id=\"184\">\n<div class=\"screen-reader-response\"><p role=\"status\" aria-live=\"polite\" aria-atomic=\"true\"><\/p> <ul><\/ul><\/div>\n<form action=\"\/de\/wp-json\/wp\/v2\/pages\/5869#wpcf7-f184-o1\" method=\"post\" class=\"wpcf7-form init wpcf7-acceptance-as-validation\" aria-label=\"Kontaktformular\" novalidate=\"novalidate\" data-status=\"init\">\n<fieldset class=\"hidden-fields-container\"><input type=\"hidden\" name=\"_wpcf7\" value=\"184\" \/><input type=\"hidden\" name=\"_wpcf7_version\" value=\"6.1.3\" \/><input type=\"hidden\" name=\"_wpcf7_locale\" value=\"de_DE\" \/><input type=\"hidden\" name=\"_wpcf7_unit_tag\" value=\"wpcf7-f184-o1\" \/><input type=\"hidden\" name=\"_wpcf7_container_post\" value=\"0\" \/><input type=\"hidden\" name=\"_wpcf7_posted_data_hash\" value=\"\" \/>\n<\/fieldset>\n<span id=\"wpcf7-69fde8a2ce3d2-wrapper\" class=\"wpcf7-form-control-wrap email-777-wrap\" style=\"display:none !important; visibility:hidden !important;\"><label for=\"wpcf7-69fde8a2ce3d2-field\" class=\"hp-message\">Bitte lasse dieses Feld leer.<\/label><input id=\"wpcf7-69fde8a2ce3d2-field\"  class=\"wpcf7-form-control wpcf7-text\" type=\"text\" name=\"email-777\" value=\"\" size=\"40\" tabindex=\"-1\" autocomplete=\"new-password\" \/><\/span>\n<div class=\"contact-form-box\">\n    <label><span class=\"wpcf7-form-control-wrap\" data-name=\"nome\"><input size=\"40\" maxlength=\"400\" class=\"wpcf7-form-control wpcf7-text wpcf7-validates-as-required\" aria-required=\"true\" aria-invalid=\"false\" placeholder=\"Name*\" value=\"\" type=\"text\" name=\"nome\" \/><\/span><\/label>\n    <label><span class=\"wpcf7-form-control-wrap\" data-name=\"cognome\"><input size=\"40\" maxlength=\"400\" class=\"wpcf7-form-control wpcf7-text wpcf7-validates-as-required\" aria-required=\"true\" aria-invalid=\"false\" placeholder=\"Nachname*\" value=\"\" type=\"text\" name=\"cognome\" \/><\/span><\/label>\n    <label><span class=\"wpcf7-form-control-wrap\" data-name=\"email\"><input size=\"40\" maxlength=\"400\" class=\"wpcf7-form-control wpcf7-email wpcf7-validates-as-required wpcf7-text wpcf7-validates-as-email\" aria-required=\"true\" aria-invalid=\"false\" placeholder=\"E-Mail*\" value=\"\" type=\"email\" name=\"email\" \/><\/span><\/label>\n    <label><span class=\"wpcf7-form-control-wrap\" data-name=\"telefono\"><input size=\"40\" maxlength=\"400\" class=\"wpcf7-form-control wpcf7-tel wpcf7-validates-as-required wpcf7-text wpcf7-validates-as-tel\" aria-required=\"true\" aria-invalid=\"false\" placeholder=\"Telefon*\" value=\"\" type=\"tel\" name=\"telefono\" \/><\/span><\/label>\n\n    <div class=\"contact-full-row\"><span class=\"wpcf7-form-control-wrap\" data-name=\"your-message\"><textarea cols=\"10\" rows=\"3\" maxlength=\"2000\" class=\"wpcf7-form-control wpcf7-textarea\" aria-invalid=\"false\" placeholder=\"Bitte schreiben Sie Ihre Anfragen hier\" name=\"your-message\"><\/textarea><\/span><\/div>\n    <div class=\"contact-full-row\"><span class=\"wpcf7-form-control-wrap\" data-name=\"consenso\"><span class=\"wpcf7-form-control wpcf7-acceptance\"><span class=\"wpcf7-list-item\"><input type=\"checkbox\" name=\"consenso\" value=\"1\" aria-invalid=\"false\" \/><\/span><\/span><\/span> * <span id=\"psinformativa2\"><\/span><\/div>\n    <div class=\"contact-full-row\">* = Pflichtfelder<\/div>\n    <div class=\"wpcf7-response-output\" aria-hidden=\"true\"><\/div>\n    <div class=\"contact-full-row\"><input class=\"wpcf7-form-control wpcf7-submit has-spinner\" type=\"submit\" value=\"Senden\" \/><\/div>\n<\/div><input type='hidden' class='wpcf7-pum' value='{\"closepopup\":false,\"closedelay\":0,\"openpopup\":false,\"openpopup_id\":0}' \/>\n<\/form>\n<\/div>\n<\/div>\n\n<\/div>\n<\/div><\/div>\n\n<div  id=\"servizi\" class=\"grids-section services-box-row grids-is-advanced alignwide\" style=\"--_gs-gap-desktop:0px 0px;--_gs-m-desktop:0 0 0 0;--_gs-p-desktop:0 0 0 0;--_gs-bg-desktop:transparent none;--_gs-bg-xp-desktop:0px;--_gs-zi-desktop:auto;--_gs-d-desktop:block;--_gs-mw-desktop:calc(100% - 0 - 0);--_gs-gap-tablet:0px 0px;--_gs-m-tablet:0 0 0 0;--_gs-p-tablet:0 0 0 0;--_gs-bg-tablet:transparent none;--_gs-bg-xp-tablet:0px;--_gs-zi-tablet:auto;--_gs-d-tablet:block;--_gs-mw-tablet:calc(100% - 0 - 0);--_gs-gap-mobile:0px 0px;--_gs-m-mobile:0 0 0 0;--_gs-p-mobile:0 0 0 0;--_gs-bg-mobile:transparent none;--_gs-bg-xp-mobile:0px;--_gs-zi-mobile:auto;--_gs-d-mobile:block;--_gs-mw-mobile:calc(100% - 0 - 0);--_gs-columns:12;--_gs-rows:6\"><div class=\"grids-s-w_i\">\n<div class=\"grids-area service-box\" style=\"--_ga-column:1\/5;--_ga-row:3\/5;--_ga-m-desktop:0 0 0 0;--_ga-p-desktop:0 0 0 0;--_ga-bg-desktop:#f5f5f5 none;--_ga-zi-desktop:auto;--_ga-d-desktop:flex;--_ga-mw-desktop:calc(100% - 0 - 0);--_ga-m-tablet:0 0 0 0;--_ga-p-tablet:0 0 0 0;--_ga-bg-tablet:#f5f5f5 none;--_ga-zi-tablet:auto;--_ga-d-tablet:flex;--_ga-mw-tablet:calc(100% - 0 - 0);--_ga-m-mobile:0 0 0 0;--_ga-p-mobile:0 0 0 0;--_ga-bg-mobile:#f5f5f5 none;--_ga-zi-mobile:auto;--_ga-d-mobile:flex;--_ga-mw-mobile:calc(100% - 0 - 0)\">\n\n<i class=\"fa-solid fa-phone\"><\/i>\n\n\n\n<h6 class=\"wp-block-heading has-text-align-center\">Telefon\n        <\/h6>\n\n\n\n<p class=\"has-text-align-center\"><a href=\"tel:+390407600011\">+39 040 7600011<\/a><\/p>\n\n<\/div>\n\n<div class=\"grids-area service-box\" style=\"--_ga-column:5\/9;--_ga-row:3\/5;--_ga-m-desktop:0 0 0 0;--_ga-p-desktop:0 0 0 0;--_ga-bg-desktop:#f5f5f5 none;--_ga-zi-desktop:auto;--_ga-d-desktop:flex;--_ga-mw-desktop:calc(100% - 0 - 0);--_ga-m-tablet:0 0 0 0;--_ga-p-tablet:0 0 0 0;--_ga-bg-tablet:#f5f5f5 none;--_ga-zi-tablet:auto;--_ga-d-tablet:flex;--_ga-mw-tablet:calc(100% - 0 - 0);--_ga-m-mobile:0 0 0 0;--_ga-p-mobile:0 0 0 0;--_ga-bg-mobile:#f5f5f5 none;--_ga-zi-mobile:auto;--_ga-d-mobile:flex;--_ga-mw-mobile:calc(100% - 0 - 0)\">\n\n<i class=\"fa-solid fa-at\"><\/i>\n\n\n\n<h6 class=\"wp-block-heading has-text-align-center\">Mail\n        <\/h6>\n\n\n\n<p class=\"has-text-align-center\"><a class=\"email\" href=\"mailto:reservations@duchidaosta.com\">reservations@duchidaosta.com<\/a><br><a class=\"email\" href=\"mailto:concierge@duchidaosta.com\">concierge@duchidaosta.com<\/a><br><a class=\"email\" href=\"mailto:reservations@duchidaosta.com\"><a class=\"email\" href=\"mailto:harrys@duchidaosta.com\">harrys@duchidaosta.com<\/a><\/a><\/p>\n\n<\/div>\n\n<div class=\"grids-area service-box\" style=\"--_ga-column:9\/13;--_ga-row:3\/5;--_ga-m-desktop:0 0 0 0;--_ga-p-desktop:0 0 0 0;--_ga-bg-desktop:#f5f5f5 none;--_ga-zi-desktop:auto;--_ga-d-desktop:flex;--_ga-mw-desktop:calc(100% - 0 - 0);--_ga-m-tablet:0 0 0 0;--_ga-p-tablet:0 0 0 0;--_ga-bg-tablet:#f5f5f5 none;--_ga-zi-tablet:auto;--_ga-d-tablet:flex;--_ga-mw-tablet:calc(100% - 0 - 0);--_ga-m-mobile:0 0 0 0;--_ga-p-mobile:0 0 0 0;--_ga-bg-mobile:#f5f5f5 none;--_ga-zi-mobile:auto;--_ga-d-mobile:flex;--_ga-mw-mobile:calc(100% - 0 - 0)\">\n\n<i class=\"fa-solid fa-car\"><\/i>\n\n\n\n<h6 class=\"wp-block-heading has-text-align-center\">Wo wir auf Sie warten\n        <\/h6>\n\n\n\n<p class=\"has-text-align-center\">Piazza Unit\u00e0 d&#8217;Italia 2\n        <br>Triest 34121 Italien\n        <\/p>\n\n<\/div>\n<\/div><\/div>","protected":false},"excerpt":{"rendered":"","protected":false},"author":11,"featured_media":4309,"parent":0,"menu_order":0,"comment_status":"closed","ping_status":"closed","template":"","meta":{"_acf_changed":false,"advgb_blocks_editor_width":"","advgb_blocks_columns_visual_guide":"","footnotes":""},"class_list":["post-5869","page","type-page","status-publish","has-post-thumbnail","hentry","entry"],"acf":[],"yoast_head":"<!-- This site is optimized with the Yoast SEO plugin v26.4 - https:\/\/yoast.com\/wordpress\/plugins\/seo\/ -->\n<title>Kontakt - Grand Hotel Duchi d&#039;Aosta<\/title>\n<meta name=\"robots\" content=\"index, follow, max-snippet:-1, max-image-preview:large, max-video-preview:-1\" \/>\n<link rel=\"canonical\" href=\"https:\/\/duchidaosta.com\/de\/kontakt\/\" \/>\n<meta property=\"og:locale\" content=\"de_DE\" \/>\n<meta property=\"og:type\" content=\"article\" \/>\n<meta property=\"og:title\" content=\"Kontakt - Grand Hotel Duchi d&#039;Aosta\" \/>\n<meta property=\"og:url\" content=\"https:\/\/duchidaosta.com\/de\/kontakt\/\" \/>\n<meta property=\"og:site_name\" content=\"Grand Hotel Duchi d&#039;Aosta\" \/>\n<meta property=\"article:publisher\" content=\"https:\/\/www.facebook.com\/Hotel.Duchi.Trieste\" \/>\n<meta property=\"article:modified_time\" content=\"2025-11-14T09:39:58+00:00\" \/>\n<meta property=\"og:image\" content=\"https:\/\/duchidaosta.com\/wp-content\/uploads\/2023\/07\/grand-hotel-duchi-d-aosta.jpg\" \/>\n\t<meta property=\"og:image:width\" content=\"1512\" \/>\n\t<meta property=\"og:image:height\" content=\"894\" \/>\n\t<meta property=\"og:image:type\" content=\"image\/jpeg\" \/>\n<meta name=\"twitter:card\" content=\"summary_large_image\" \/>\n<meta name=\"twitter:label1\" content=\"Gesch\u00e4tzte Lesezeit\" \/>\n\t<meta name=\"twitter:data1\" content=\"1\u00a0Minute\" \/>\n<script type=\"application\/ld+json\" class=\"yoast-schema-graph\">{\"@context\":\"https:\/\/schema.org\",\"@graph\":[{\"@type\":\"WebPage\",\"@id\":\"https:\/\/duchidaosta.com\/de\/kontakt\/\",\"url\":\"https:\/\/duchidaosta.com\/de\/kontakt\/\",\"name\":\"Kontakt - Grand Hotel Duchi d&#039;Aosta\",\"isPartOf\":{\"@id\":\"https:\/\/duchidaosta.com\/de\/#website\"},\"primaryImageOfPage\":{\"@id\":\"https:\/\/duchidaosta.com\/de\/kontakt\/#primaryimage\"},\"image\":{\"@id\":\"https:\/\/duchidaosta.com\/de\/kontakt\/#primaryimage\"},\"thumbnailUrl\":\"https:\/\/duchidaosta.com\/wp-content\/uploads\/2023\/07\/grand-hotel-duchi-d-aosta.jpg\",\"datePublished\":\"2023-09-21T08:31:17+00:00\",\"dateModified\":\"2025-11-14T09:39:58+00:00\",\"breadcrumb\":{\"@id\":\"https:\/\/duchidaosta.com\/de\/kontakt\/#breadcrumb\"},\"inLanguage\":\"de\",\"potentialAction\":[{\"@type\":\"ReadAction\",\"target\":[\"https:\/\/duchidaosta.com\/de\/kontakt\/\"]}]},{\"@type\":\"ImageObject\",\"inLanguage\":\"de\",\"@id\":\"https:\/\/duchidaosta.com\/de\/kontakt\/#primaryimage\",\"url\":\"https:\/\/duchidaosta.com\/wp-content\/uploads\/2023\/07\/grand-hotel-duchi-d-aosta.jpg\",\"contentUrl\":\"https:\/\/duchidaosta.com\/wp-content\/uploads\/2023\/07\/grand-hotel-duchi-d-aosta.jpg\",\"width\":1512,\"height\":894,\"caption\":\"Vista aerea del Grand Hotel Duchi d'Aosta\"},{\"@type\":\"BreadcrumbList\",\"@id\":\"https:\/\/duchidaosta.com\/de\/kontakt\/#breadcrumb\",\"itemListElement\":[{\"@type\":\"ListItem\",\"position\":1,\"name\":\"Home\",\"item\":\"https:\/\/duchidaosta.com\/de\/\"},{\"@type\":\"ListItem\",\"position\":2,\"name\":\"Kontakt\"}]},{\"@type\":\"WebSite\",\"@id\":\"https:\/\/duchidaosta.com\/de\/#website\",\"url\":\"https:\/\/duchidaosta.com\/de\/\",\"name\":\"Grand Hotel Duchi d&#039;Aosta\",\"description\":\"\",\"publisher\":{\"@id\":\"https:\/\/duchidaosta.com\/de\/#organization\"},\"potentialAction\":[{\"@type\":\"SearchAction\",\"target\":{\"@type\":\"EntryPoint\",\"urlTemplate\":\"https:\/\/duchidaosta.com\/de\/?s={search_term_string}\"},\"query-input\":{\"@type\":\"PropertyValueSpecification\",\"valueRequired\":true,\"valueName\":\"search_term_string\"}}],\"inLanguage\":\"de\"},{\"@type\":\"Organization\",\"@id\":\"https:\/\/duchidaosta.com\/de\/#organization\",\"name\":\"Grand Hotel Duchi d&#039;Aosta\",\"url\":\"https:\/\/duchidaosta.com\/de\/\",\"logo\":{\"@type\":\"ImageObject\",\"inLanguage\":\"de\",\"@id\":\"https:\/\/duchidaosta.com\/de\/#\/schema\/logo\/image\/\",\"url\":\"https:\/\/duchidaosta.com\/wp-content\/uploads\/2023\/07\/logo-duchi-daosta.svg\",\"contentUrl\":\"https:\/\/duchidaosta.com\/wp-content\/uploads\/2023\/07\/logo-duchi-daosta.svg\",\"caption\":\"Grand Hotel Duchi d&#039;Aosta\"},\"image\":{\"@id\":\"https:\/\/duchidaosta.com\/de\/#\/schema\/logo\/image\/\"},\"sameAs\":[\"https:\/\/www.facebook.com\/Hotel.Duchi.Trieste\",\"https:\/\/www.instagram.com\/duchitrieste\/\",\"https:\/\/www.linkedin.com\/company\/grand-hotel-duchi-d-aosta-harry-s-piccolo-bistr-trieste\/\"]}]}<\/script>\n<!-- \/ Yoast SEO plugin. -->","yoast_head_json":{"title":"Kontakt - Grand Hotel Duchi d&#039;Aosta","robots":{"index":"index","follow":"follow","max-snippet":"max-snippet:-1","max-image-preview":"max-image-preview:large","max-video-preview":"max-video-preview:-1"},"canonical":"https:\/\/duchidaosta.com\/de\/kontakt\/","og_locale":"de_DE","og_type":"article","og_title":"Kontakt - Grand Hotel Duchi d&#039;Aosta","og_url":"https:\/\/duchidaosta.com\/de\/kontakt\/","og_site_name":"Grand Hotel Duchi d&#039;Aosta","article_publisher":"https:\/\/www.facebook.com\/Hotel.Duchi.Trieste","article_modified_time":"2025-11-14T09:39:58+00:00","og_image":[{"width":1512,"height":894,"url":"https:\/\/duchidaosta.com\/wp-content\/uploads\/2023\/07\/grand-hotel-duchi-d-aosta.jpg","type":"image\/jpeg"}],"twitter_card":"summary_large_image","twitter_misc":{"Gesch\u00e4tzte Lesezeit":"1\u00a0Minute"},"schema":{"@context":"https:\/\/schema.org","@graph":[{"@type":"WebPage","@id":"https:\/\/duchidaosta.com\/de\/kontakt\/","url":"https:\/\/duchidaosta.com\/de\/kontakt\/","name":"Kontakt - Grand Hotel Duchi d&#039;Aosta","isPartOf":{"@id":"https:\/\/duchidaosta.com\/de\/#website"},"primaryImageOfPage":{"@id":"https:\/\/duchidaosta.com\/de\/kontakt\/#primaryimage"},"image":{"@id":"https:\/\/duchidaosta.com\/de\/kontakt\/#primaryimage"},"thumbnailUrl":"https:\/\/duchidaosta.com\/wp-content\/uploads\/2023\/07\/grand-hotel-duchi-d-aosta.jpg","datePublished":"2023-09-21T08:31:17+00:00","dateModified":"2025-11-14T09:39:58+00:00","breadcrumb":{"@id":"https:\/\/duchidaosta.com\/de\/kontakt\/#breadcrumb"},"inLanguage":"de","potentialAction":[{"@type":"ReadAction","target":["https:\/\/duchidaosta.com\/de\/kontakt\/"]}]},{"@type":"ImageObject","inLanguage":"de","@id":"https:\/\/duchidaosta.com\/de\/kontakt\/#primaryimage","url":"https:\/\/duchidaosta.com\/wp-content\/uploads\/2023\/07\/grand-hotel-duchi-d-aosta.jpg","contentUrl":"https:\/\/duchidaosta.com\/wp-content\/uploads\/2023\/07\/grand-hotel-duchi-d-aosta.jpg","width":1512,"height":894,"caption":"Vista aerea del Grand Hotel Duchi d'Aosta"},{"@type":"BreadcrumbList","@id":"https:\/\/duchidaosta.com\/de\/kontakt\/#breadcrumb","itemListElement":[{"@type":"ListItem","position":1,"name":"Home","item":"https:\/\/duchidaosta.com\/de\/"},{"@type":"ListItem","position":2,"name":"Kontakt"}]},{"@type":"WebSite","@id":"https:\/\/duchidaosta.com\/de\/#website","url":"https:\/\/duchidaosta.com\/de\/","name":"Grand Hotel Duchi d&#039;Aosta","description":"","publisher":{"@id":"https:\/\/duchidaosta.com\/de\/#organization"},"potentialAction":[{"@type":"SearchAction","target":{"@type":"EntryPoint","urlTemplate":"https:\/\/duchidaosta.com\/de\/?s={search_term_string}"},"query-input":{"@type":"PropertyValueSpecification","valueRequired":true,"valueName":"search_term_string"}}],"inLanguage":"de"},{"@type":"Organization","@id":"https:\/\/duchidaosta.com\/de\/#organization","name":"Grand Hotel Duchi d&#039;Aosta","url":"https:\/\/duchidaosta.com\/de\/","logo":{"@type":"ImageObject","inLanguage":"de","@id":"https:\/\/duchidaosta.com\/de\/#\/schema\/logo\/image\/","url":"https:\/\/duchidaosta.com\/wp-content\/uploads\/2023\/07\/logo-duchi-daosta.svg","contentUrl":"https:\/\/duchidaosta.com\/wp-content\/uploads\/2023\/07\/logo-duchi-daosta.svg","caption":"Grand Hotel Duchi d&#039;Aosta"},"image":{"@id":"https:\/\/duchidaosta.com\/de\/#\/schema\/logo\/image\/"},"sameAs":["https:\/\/www.facebook.com\/Hotel.Duchi.Trieste","https:\/\/www.instagram.com\/duchitrieste\/","https:\/\/www.linkedin.com\/company\/grand-hotel-duchi-d-aosta-harry-s-piccolo-bistr-trieste\/"]}]}},"coauthors":[],"author_meta":{"author_link":"https:\/\/duchidaosta.com\/de\/author\/fede\/","display_name":"Fede"},"relative_dates":{"created":"Posted 3\u00a0Jahren ago","modified":"Updated 6\u00a0Monaten ago"},"absolute_dates":{"created":"Posted on 21\/09\/2023","modified":"Updated on 14\/11\/2025"},"absolute_dates_time":{"created":"Posted on 21\/09\/2023 10:31","modified":"Updated on 14\/11\/2025 10:39"},"featured_img_caption":"","featured_img":"https:\/\/duchidaosta.com\/wp-content\/uploads\/2023\/07\/grand-hotel-duchi-d-aosta.jpg","series_order":"","_links":{"self":[{"href":"https:\/\/duchidaosta.com\/de\/wp-json\/wp\/v2\/pages\/5869","targetHints":{"allow":["GET"]}}],"collection":[{"href":"https:\/\/duchidaosta.com\/de\/wp-json\/wp\/v2\/pages"}],"about":[{"href":"https:\/\/duchidaosta.com\/de\/wp-json\/wp\/v2\/types\/page"}],"author":[{"embeddable":true,"href":"https:\/\/duchidaosta.com\/de\/wp-json\/wp\/v2\/users\/11"}],"replies":[{"embeddable":true,"href":"https:\/\/duchidaosta.com\/de\/wp-json\/wp\/v2\/comments?post=5869"}],"version-history":[{"count":1,"href":"https:\/\/duchidaosta.com\/de\/wp-json\/wp\/v2\/pages\/5869\/revisions"}],"predecessor-version":[{"id":12830,"href":"https:\/\/duchidaosta.com\/de\/wp-json\/wp\/v2\/pages\/5869\/revisions\/12830"}],"wp:featuredmedia":[{"embeddable":true,"href":"https:\/\/duchidaosta.com\/de\/wp-json\/wp\/v2\/media\/4309"}],"wp:attachment":[{"href":"https:\/\/duchidaosta.com\/de\/wp-json\/wp\/v2\/media?parent=5869"}],"curies":[{"name":"wp","href":"https:\/\/api.w.org\/{rel}","templated":true}]}}