{"id":4905,"date":"2023-09-04T17:22:32","date_gmt":"2023-09-04T15:22:32","guid":{"rendered":"https:\/\/duchidaosta.com\/?page_id=4905"},"modified":"2023-11-03T09:15:32","modified_gmt":"2023-11-03T08:15:32","slug":"scopri-trieste","status":"publish","type":"page","link":"https:\/\/duchidaosta.com\/it\/scopri-trieste\/","title":{"rendered":"Scopri Trieste"},"content":{"rendered":"<div  class=\"grids-section content-crossed-line grids-is-advanced\" style=\"--_gs-gap-desktop:0px 0px;--_gs-m-desktop:0 0 0 0;--_gs-p-desktop:0 0 0 0;--_gs-bg-desktop:transparent none;--_gs-bg-xp-desktop:0px;--_gs-zi-desktop:auto;--_gs-d-desktop:block;--_gs-mw-desktop:calc(100% - 0 - 0);--_gs-gap-tablet:0px 0px;--_gs-m-tablet:0 0 0 0;--_gs-p-tablet:0 0 0 0;--_gs-bg-tablet:transparent none;--_gs-bg-xp-tablet:0px;--_gs-zi-tablet:auto;--_gs-d-tablet:block;--_gs-mw-tablet:calc(100% - 0 - 0);--_gs-gap-mobile:0px 0px;--_gs-m-mobile:0 0 0 0;--_gs-p-mobile:0 0 0 0;--_gs-bg-mobile:transparent none;--_gs-bg-xp-mobile:0px;--_gs-zi-mobile:auto;--_gs-d-mobile:block;--_gs-mw-mobile:calc(100% - 0 - 0);--_gs-columns:12;--_gs-rows:6\"><div class=\"grids-s-w_i\">\n<div class=\"grids-area\" style=\"--_ga-column:1\/13;--_ga-row:1\/7;--_ga-m-desktop:0 0 0 0;--_ga-p-desktop:0 0 0 0;--_ga-bg-desktop:transparent none;--_ga-zi-desktop:auto;--_ga-d-desktop:flex;--_ga-mw-desktop:calc(100% - 0 - 0);--_ga-m-tablet:0 0 0 0;--_ga-p-tablet:0 0 0 0;--_ga-bg-tablet:transparent none;--_ga-zi-tablet:auto;--_ga-d-tablet:flex;--_ga-mw-tablet:calc(100% - 0 - 0);--_ga-m-mobile:0 0 0 0;--_ga-p-mobile:0 0 0 0;--_ga-bg-mobile:transparent none;--_ga-zi-mobile:auto;--_ga-d-mobile:flex;--_ga-mw-mobile:calc(100% - 0 - 0)\">\n\n<p class=\"has-text-align-center\">Bella e colta, Trieste incarna <strong>l&#8217;anima cosmopolita dell&#8217;Italia<\/strong>.<br>Vi si respira il <strong>glorioso passato asburgico<\/strong> che ne fece \u201cla piccola Vienna sul mare\u201d e negli incroci di lingue, popoli e religioni che ancora oggi la caratterizzano, si intuisce con facilit\u00e0 la sua anima insieme <strong>mitteleuropea e mediterranea<\/strong>.<\/p>\n\n<\/div>\n<\/div><\/div>\n\n<div  class=\"grids-section three-image-row grids-is-advanced alignwide\" style=\"--_gs-gap-desktop:0px 0px;--_gs-m-desktop:0 0 0 0;--_gs-p-desktop:0 0 0 0;--_gs-bg-desktop:transparent none;--_gs-bg-xp-desktop:0px;--_gs-zi-desktop:auto;--_gs-d-desktop:block;--_gs-mw-desktop:calc(100% - 0 - 0);--_gs-gap-tablet:0px 0px;--_gs-m-tablet:0 0 0 0;--_gs-p-tablet:0 0 0 0;--_gs-bg-tablet:transparent none;--_gs-bg-xp-tablet:0px;--_gs-zi-tablet:auto;--_gs-d-tablet:block;--_gs-mw-tablet:calc(100% - 0 - 0);--_gs-gap-mobile:0px 0px;--_gs-m-mobile:0 0 0 0;--_gs-p-mobile:0 0 0 0;--_gs-bg-mobile:transparent none;--_gs-bg-xp-mobile:0px;--_gs-zi-mobile:auto;--_gs-d-mobile:block;--_gs-mw-mobile:calc(100% - 0 - 0);--_gs-columns:12;--_gs-rows:6\"><div class=\"grids-s-w_i\">\n<div class=\"grids-area content animated fadeInRight\" style=\"--_ga-column:7\/13;--_ga-row:1\/4;--_ga-va:center;--_ga-m-desktop:0 0 0 0;--_ga-p-desktop:0 0 0 0;--_ga-bg-desktop:transparent none;--_ga-zi-desktop:auto;--_ga-d-desktop:flex;--_ga-mw-desktop:calc(100% - 0 - 0);--_ga-m-tablet:0 0 0 0;--_ga-p-tablet:0 0 0 0;--_ga-bg-tablet:transparent none;--_ga-zi-tablet:auto;--_ga-d-tablet:flex;--_ga-mw-tablet:calc(100% - 0 - 0);--_ga-m-mobile:0 0 0 0;--_ga-p-mobile:0 0 0 0;--_ga-bg-mobile:transparent none;--_ga-zi-mobile:auto;--_ga-d-mobile:flex;--_ga-mw-mobile:calc(100% - 0 - 0)\">\n\n<p class=\"counter-h\">DISCOVER TRIESTE<\/p>\n\n\n\n<h2 class=\"wp-block-heading has-text-align-left\">Piazza Unit\u00e0 d&#8217;Italia<\/h2>\n\n\n\n<p>Cuore della citt\u00e0, Piazza Unit\u00e0 d&#8217;Italia incanta i visitatori con i suoi <strong>palazzi storici e il suggestivo Molo Audace<\/strong> che si estende lungo il mare. Da qui, lo sguardo si apre su <strong>palazzi monumentali<\/strong>, sulla chiesa greco-ortodossa di San Nicol\u00f2, sul Canal Grande.<br>In lontananza, si intuisce il <strong>bianco profilo di Miramare<\/strong>, il romantico castello di Massimiliano e Carlotta d\u2019Asburgo.<\/p>\n\n<\/div>\n\n<div class=\"grids-area image-big animated fadeInLeft\" style=\"--_ga-column:1\/7;--_ga-row:2\/7;--_ga-va:flex-end;--_ga-m-desktop:0 0 0 0;--_ga-p-desktop:0 0 0 0;--_ga-bg-desktop:transparent none;--_ga-zi-desktop:auto;--_ga-d-desktop:flex;--_ga-mw-desktop:calc(100% - 0 - 0);--_ga-m-tablet:0 0 0 0;--_ga-p-tablet:0 0 0 0;--_ga-bg-tablet:transparent none;--_ga-zi-tablet:auto;--_ga-d-tablet:flex;--_ga-mw-tablet:calc(100% - 0 - 0);--_ga-m-mobile:0 0 0 0;--_ga-p-mobile:0 0 0 0;--_ga-bg-mobile:transparent none;--_ga-zi-mobile:auto;--_ga-d-mobile:flex;--_ga-mw-mobile:calc(100% - 0 - 0)\">\n\n<figure class=\"wp-block-image size-large full-width\"><img decoding=\"async\" src=\"https:\/\/duchidaosta.com\/wp-content\/uploads\/2023\/09\/grand-hotel-duchi-d-aosta-05-1024x683.jpg\" alt=\"vista notturna del Grand Hotel Duchi d'Aosta\" class=\"wp-image-5297\"\/><\/figure>\n\n<\/div>\n\n<div class=\"grids-area image animated fadeInRight delay-100ms\" style=\"--_ga-column:6\/9;--_ga-row:4\/7;--_ga-va:flex-end;--_ga-m-desktop:0 0 0 0;--_ga-p-desktop:0 0 0 0;--_ga-bg-desktop:transparent none;--_ga-zi-desktop:auto;--_ga-d-desktop:flex;--_ga-mw-desktop:calc(100% - 0 - 0);--_ga-m-tablet:0 0 0 0;--_ga-p-tablet:0 0 0 0;--_ga-bg-tablet:transparent none;--_ga-zi-tablet:auto;--_ga-d-tablet:flex;--_ga-mw-tablet:calc(100% - 0 - 0);--_ga-m-mobile:0 0 0 0;--_ga-p-mobile:0 0 0 0;--_ga-bg-mobile:transparent none;--_ga-zi-mobile:auto;--_ga-d-mobile:flex;--_ga-mw-mobile:calc(100% - 0 - 0)\">\n\n<figure class=\"wp-block-image size-large full-width\"><img loading=\"lazy\" decoding=\"async\" width=\"1024\" height=\"683\" src=\"https:\/\/duchidaosta.com\/wp-content\/uploads\/2023\/09\/esperienze-hotel-duchi-daosta-trieste-molo-audace-1024x683.jpg\" alt=\"Paesaggio di Trieste\" class=\"wp-image-5492\" srcset=\"https:\/\/duchidaosta.com\/wp-content\/uploads\/2023\/09\/esperienze-hotel-duchi-daosta-trieste-molo-audace-1024x683.jpg 1024w, https:\/\/duchidaosta.com\/wp-content\/uploads\/2023\/09\/esperienze-hotel-duchi-daosta-trieste-molo-audace-300x200.jpg 300w, https:\/\/duchidaosta.com\/wp-content\/uploads\/2023\/09\/esperienze-hotel-duchi-daosta-trieste-molo-audace-768x512.jpg 768w, https:\/\/duchidaosta.com\/wp-content\/uploads\/2023\/09\/esperienze-hotel-duchi-daosta-trieste-molo-audace-1536x1024.jpg 1536w, https:\/\/duchidaosta.com\/wp-content\/uploads\/2023\/09\/esperienze-hotel-duchi-daosta-trieste-molo-audace-1568x1045.jpg 1568w, https:\/\/duchidaosta.com\/wp-content\/uploads\/2023\/09\/esperienze-hotel-duchi-daosta-trieste-molo-audace.jpg 1800w\" sizes=\"auto, (max-width: 1024px) 100vw, 1024px\" \/><\/figure>\n\n<\/div>\n\n<div class=\"grids-area image animated fadeInRight delay-200ms\" style=\"--_ga-column:9\/12;--_ga-row:4\/7;--_ga-va:flex-end;--_ga-m-desktop:0 0 0 0;--_ga-p-desktop:0 0 0 0;--_ga-bg-desktop:transparent none;--_ga-zi-desktop:auto;--_ga-d-desktop:flex;--_ga-mw-desktop:calc(100% - 0 - 0);--_ga-m-tablet:0 0 0 0;--_ga-p-tablet:0 0 0 0;--_ga-bg-tablet:transparent none;--_ga-zi-tablet:auto;--_ga-d-tablet:flex;--_ga-mw-tablet:calc(100% - 0 - 0);--_ga-m-mobile:0 0 0 0;--_ga-p-mobile:0 0 0 0;--_ga-bg-mobile:transparent none;--_ga-zi-mobile:auto;--_ga-d-mobile:flex;--_ga-mw-mobile:calc(100% - 0 - 0)\">\n\n<figure class=\"wp-block-image size-large full-width\"><img loading=\"lazy\" decoding=\"async\" width=\"1024\" height=\"683\" src=\"https:\/\/duchidaosta.com\/wp-content\/uploads\/2023\/09\/hotel-duchi-daosta-trieste-miramare-2-1024x683.jpg\" alt=\"Paesaggio costiero con mare limpido\" class=\"wp-image-5495\" srcset=\"https:\/\/duchidaosta.com\/wp-content\/uploads\/2023\/09\/hotel-duchi-daosta-trieste-miramare-2-1024x683.jpg 1024w, https:\/\/duchidaosta.com\/wp-content\/uploads\/2023\/09\/hotel-duchi-daosta-trieste-miramare-2-300x200.jpg 300w, https:\/\/duchidaosta.com\/wp-content\/uploads\/2023\/09\/hotel-duchi-daosta-trieste-miramare-2-768x512.jpg 768w, https:\/\/duchidaosta.com\/wp-content\/uploads\/2023\/09\/hotel-duchi-daosta-trieste-miramare-2-1536x1024.jpg 1536w, https:\/\/duchidaosta.com\/wp-content\/uploads\/2023\/09\/hotel-duchi-daosta-trieste-miramare-2-1568x1045.jpg 1568w, https:\/\/duchidaosta.com\/wp-content\/uploads\/2023\/09\/hotel-duchi-daosta-trieste-miramare-2.jpg 1800w\" sizes=\"auto, (max-width: 1024px) 100vw, 1024px\" \/><\/figure>\n\n<\/div>\n<\/div><\/div>\n\n<div  class=\"grids-section three-image-row grids-is-advanced alignwide\" style=\"--_gs-gap-desktop:0px 0px;--_gs-m-desktop:0 0 0 0;--_gs-p-desktop:0 0 0 0;--_gs-bg-desktop:transparent none;--_gs-bg-xp-desktop:0px;--_gs-zi-desktop:auto;--_gs-d-desktop:block;--_gs-mw-desktop:calc(100% - 0 - 0);--_gs-gap-tablet:0px 0px;--_gs-m-tablet:0 0 0 0;--_gs-p-tablet:0 0 0 0;--_gs-bg-tablet:transparent none;--_gs-bg-xp-tablet:0px;--_gs-zi-tablet:auto;--_gs-d-tablet:block;--_gs-mw-tablet:calc(100% - 0 - 0);--_gs-gap-mobile:0px 0px;--_gs-m-mobile:0 0 0 0;--_gs-p-mobile:0 0 0 0;--_gs-bg-mobile:transparent none;--_gs-bg-xp-mobile:0px;--_gs-zi-mobile:auto;--_gs-d-mobile:block;--_gs-mw-mobile:calc(100% - 0 - 0);--_gs-columns:12;--_gs-rows:6\"><div class=\"grids-s-w_i\">\n<div class=\"grids-area content animated fadeInLeft\" style=\"--_ga-column:1\/7;--_ga-row:1\/4;--_ga-va:center;--_ga-m-desktop:0 0 0 0;--_ga-p-desktop:0 0 0 0;--_ga-bg-desktop:transparent none;--_ga-zi-desktop:auto;--_ga-d-desktop:flex;--_ga-mw-desktop:calc(100% - 0 - 0);--_ga-m-tablet:0 0 0 0;--_ga-p-tablet:0 0 0 0;--_ga-bg-tablet:transparent none;--_ga-zi-tablet:auto;--_ga-d-tablet:flex;--_ga-mw-tablet:calc(100% - 0 - 0);--_ga-m-mobile:0 0 0 0;--_ga-p-mobile:0 0 0 0;--_ga-bg-mobile:transparent none;--_ga-zi-mobile:auto;--_ga-d-mobile:flex;--_ga-mw-mobile:calc(100% - 0 - 0)\">\n\n<p class=\"counter-h\">TRIESTE, CITT\u00c0 DEL CAFF\u00c8<\/p>\n\n\n\n<p><strong>Trieste \u00e8 anche la citt\u00e0 del caff\u00e8<\/strong>. Porto franco, il porto di Trieste \u00e8 il pi\u00f9 importante del Mediterraneo per il suo traffico.   <\/p>\n\n\n\n<p>Ma caff\u00e8 a Trieste fa rima anche con <strong>letteratura<\/strong>: numerosi e bellissimi sono i <strong>caff\u00e8 letterari<\/strong>, locali storici dal <strong>fascino retr\u00f2<\/strong> frequentati un tempo da grandi autori come <strong>James Joyce<\/strong>, <strong>Italo Svevo<\/strong>, <strong>Umberto Saba<\/strong> e ancora oggi molto amati dagli scrittori e dagli intellettuali.  <\/p>\n\n\n\n<p>Fare una pausa in uno dei caff\u00e8 storici di Trieste \u00e8 un vero e proprio rito da non perdere, per il quale bisogna anche imparare un apposito gergo: qui l\u2019espresso si chiama \u201c<strong>nero<\/strong>\u201d, ma che cosa sar\u00e0 mai il \u201c<strong>gocciato<\/strong>\u201d o il \u201c<strong>capo in b<\/strong>\u201d? Scoprirlo sar\u00e0 un piacere! <\/p>\n\n<\/div>\n\n<div class=\"grids-area image-big animated fadeInRight\" style=\"--_ga-column:7\/13;--_ga-row:2\/7;--_ga-va:flex-end;--_ga-m-desktop:0 0 0 0;--_ga-p-desktop:0 0 0 0;--_ga-bg-desktop:transparent none;--_ga-zi-desktop:auto;--_ga-d-desktop:flex;--_ga-mw-desktop:calc(100% - 0 - 0);--_ga-m-tablet:0 0 0 0;--_ga-p-tablet:0 0 0 0;--_ga-bg-tablet:transparent none;--_ga-zi-tablet:auto;--_ga-d-tablet:flex;--_ga-mw-tablet:calc(100% - 0 - 0);--_ga-m-mobile:0 0 0 0;--_ga-p-mobile:0 0 0 0;--_ga-bg-mobile:transparent none;--_ga-zi-mobile:auto;--_ga-d-mobile:flex;--_ga-mw-mobile:calc(100% - 0 - 0)\">\n\n<figure class=\"wp-block-image size-large full-width\"><img loading=\"lazy\" decoding=\"async\" width=\"1024\" height=\"683\" src=\"https:\/\/duchidaosta.com\/wp-content\/uploads\/2023\/09\/esperienze-hotel-duchi-daosta-trieste-caffe-letterario-1024x683.jpg\" alt=\"Poltrona elegante con lampada e tavolo bianco\" class=\"wp-image-5505\" srcset=\"https:\/\/duchidaosta.com\/wp-content\/uploads\/2023\/09\/esperienze-hotel-duchi-daosta-trieste-caffe-letterario-1024x683.jpg 1024w, https:\/\/duchidaosta.com\/wp-content\/uploads\/2023\/09\/esperienze-hotel-duchi-daosta-trieste-caffe-letterario-300x200.jpg 300w, https:\/\/duchidaosta.com\/wp-content\/uploads\/2023\/09\/esperienze-hotel-duchi-daosta-trieste-caffe-letterario-768x512.jpg 768w, https:\/\/duchidaosta.com\/wp-content\/uploads\/2023\/09\/esperienze-hotel-duchi-daosta-trieste-caffe-letterario-1536x1024.jpg 1536w, https:\/\/duchidaosta.com\/wp-content\/uploads\/2023\/09\/esperienze-hotel-duchi-daosta-trieste-caffe-letterario-1568x1045.jpg 1568w, https:\/\/duchidaosta.com\/wp-content\/uploads\/2023\/09\/esperienze-hotel-duchi-daosta-trieste-caffe-letterario.jpg 1800w\" sizes=\"auto, (max-width: 1024px) 100vw, 1024px\" \/><\/figure>\n\n<\/div>\n\n<div class=\"grids-area image animated fadeInLeft delay-200ms\" style=\"--_ga-column:2\/5;--_ga-row:4\/7;--_ga-va:flex-end;--_ga-m-desktop:0 0 0 0;--_ga-p-desktop:0 0 0 0;--_ga-bg-desktop:transparent none;--_ga-zi-desktop:auto;--_ga-d-desktop:flex;--_ga-mw-desktop:calc(100% - 0 - 0);--_ga-m-tablet:0 0 0 0;--_ga-p-tablet:0 0 0 0;--_ga-bg-tablet:transparent none;--_ga-zi-tablet:auto;--_ga-d-tablet:flex;--_ga-mw-tablet:calc(100% - 0 - 0);--_ga-m-mobile:0 0 0 0;--_ga-p-mobile:0 0 0 0;--_ga-bg-mobile:transparent none;--_ga-zi-mobile:auto;--_ga-d-mobile:flex;--_ga-mw-mobile:calc(100% - 0 - 0)\">\n\n<figure class=\"wp-block-image size-large full-width\"><img loading=\"lazy\" decoding=\"async\" width=\"1024\" height=\"683\" src=\"https:\/\/duchidaosta.com\/wp-content\/uploads\/2023\/09\/esperienze-hotel-duchi-daosta-trieste-caffe-letterario-01-1024x683.jpg\" alt=\"caff\u00e8 letterario Grand Hotel Duchi d'Aosta\" class=\"wp-image-5499\" srcset=\"https:\/\/duchidaosta.com\/wp-content\/uploads\/2023\/09\/esperienze-hotel-duchi-daosta-trieste-caffe-letterario-01-1024x683.jpg 1024w, https:\/\/duchidaosta.com\/wp-content\/uploads\/2023\/09\/esperienze-hotel-duchi-daosta-trieste-caffe-letterario-01-300x200.jpg 300w, https:\/\/duchidaosta.com\/wp-content\/uploads\/2023\/09\/esperienze-hotel-duchi-daosta-trieste-caffe-letterario-01-768x512.jpg 768w, https:\/\/duchidaosta.com\/wp-content\/uploads\/2023\/09\/esperienze-hotel-duchi-daosta-trieste-caffe-letterario-01-1536x1024.jpg 1536w, https:\/\/duchidaosta.com\/wp-content\/uploads\/2023\/09\/esperienze-hotel-duchi-daosta-trieste-caffe-letterario-01-1568x1045.jpg 1568w, https:\/\/duchidaosta.com\/wp-content\/uploads\/2023\/09\/esperienze-hotel-duchi-daosta-trieste-caffe-letterario-01.jpg 1800w\" sizes=\"auto, (max-width: 1024px) 100vw, 1024px\" \/><\/figure>\n\n<\/div>\n\n<div class=\"grids-area image animated fadeInLeft delay-100ms\" style=\"--_ga-column:5\/8;--_ga-row:4\/7;--_ga-va:flex-end;--_ga-m-desktop:0 0 0 0;--_ga-p-desktop:0 0 0 0;--_ga-bg-desktop:transparent none;--_ga-zi-desktop:auto;--_ga-d-desktop:flex;--_ga-mw-desktop:calc(100% - 0 - 0);--_ga-m-tablet:0 0 0 0;--_ga-p-tablet:0 0 0 0;--_ga-bg-tablet:transparent none;--_ga-zi-tablet:auto;--_ga-d-tablet:flex;--_ga-mw-tablet:calc(100% - 0 - 0);--_ga-m-mobile:0 0 0 0;--_ga-p-mobile:0 0 0 0;--_ga-bg-mobile:transparent none;--_ga-zi-mobile:auto;--_ga-d-mobile:flex;--_ga-mw-mobile:calc(100% - 0 - 0)\">\n\n<figure class=\"wp-block-image size-large full-width\"><img loading=\"lazy\" decoding=\"async\" width=\"1024\" height=\"683\" src=\"https:\/\/duchidaosta.com\/wp-content\/uploads\/2023\/09\/esperienze-hotel-duchi-daosta-trieste-caffe-letterario-02-1024x683.jpg\" alt=\"Finestra con tavolo e sedie\" class=\"wp-image-5502\" srcset=\"https:\/\/duchidaosta.com\/wp-content\/uploads\/2023\/09\/esperienze-hotel-duchi-daosta-trieste-caffe-letterario-02-1024x683.jpg 1024w, https:\/\/duchidaosta.com\/wp-content\/uploads\/2023\/09\/esperienze-hotel-duchi-daosta-trieste-caffe-letterario-02-300x200.jpg 300w, https:\/\/duchidaosta.com\/wp-content\/uploads\/2023\/09\/esperienze-hotel-duchi-daosta-trieste-caffe-letterario-02-768x512.jpg 768w, https:\/\/duchidaosta.com\/wp-content\/uploads\/2023\/09\/esperienze-hotel-duchi-daosta-trieste-caffe-letterario-02-1536x1024.jpg 1536w, https:\/\/duchidaosta.com\/wp-content\/uploads\/2023\/09\/esperienze-hotel-duchi-daosta-trieste-caffe-letterario-02-1568x1045.jpg 1568w, https:\/\/duchidaosta.com\/wp-content\/uploads\/2023\/09\/esperienze-hotel-duchi-daosta-trieste-caffe-letterario-02.jpg 1800w\" sizes=\"auto, (max-width: 1024px) 100vw, 1024px\" \/><\/figure>\n\n<\/div>\n<\/div><\/div>","protected":false},"excerpt":{"rendered":"","protected":false},"author":11,"featured_media":5485,"parent":0,"menu_order":0,"comment_status":"closed","ping_status":"closed","template":"","meta":{"_acf_changed":false,"advgb_blocks_editor_width":"","advgb_blocks_columns_visual_guide":"","footnotes":""},"class_list":["post-4905","page","type-page","status-publish","has-post-thumbnail","hentry","entry"],"acf":[],"yoast_head":"<!-- This site is optimized with the Yoast SEO plugin v26.4 - https:\/\/yoast.com\/wordpress\/plugins\/seo\/ -->\n<title>Alla scoperta di Trieste - Grand Hotel Duchi d&#039;Aosta<\/title>\n<meta name=\"description\" content=\"Bella e colta, Trieste \u00e8 la citt\u00e0 pi\u00f9 cosmopolita d\u2019Italia. Vi si respira il glorioso passato asburgico che ne fece \u201cla piccola Vienna sul mare\u201d.\" \/>\n<meta name=\"robots\" content=\"index, follow, max-snippet:-1, max-image-preview:large, max-video-preview:-1\" \/>\n<link rel=\"canonical\" href=\"https:\/\/duchidaosta.com\/it\/scopri-trieste\/\" \/>\n<meta property=\"og:locale\" content=\"it_IT\" \/>\n<meta property=\"og:type\" content=\"article\" \/>\n<meta property=\"og:title\" content=\"Alla scoperta di Trieste - Grand Hotel Duchi d&#039;Aosta\" \/>\n<meta property=\"og:description\" content=\"Bella e colta, Trieste \u00e8 la citt\u00e0 pi\u00f9 cosmopolita d\u2019Italia. Vi si respira il glorioso passato asburgico che ne fece \u201cla piccola Vienna sul mare\u201d.\" \/>\n<meta property=\"og:url\" content=\"https:\/\/duchidaosta.com\/it\/scopri-trieste\/\" \/>\n<meta property=\"og:site_name\" content=\"Grand Hotel Duchi d&#039;Aosta\" \/>\n<meta property=\"article:publisher\" content=\"https:\/\/www.facebook.com\/Hotel.Duchi.Trieste\" \/>\n<meta property=\"article:modified_time\" content=\"2023-11-03T08:15:32+00:00\" \/>\n<meta property=\"og:image\" content=\"https:\/\/duchidaosta.com\/wp-content\/uploads\/2023\/09\/hotel-duchi-daosta-trieste-da-scoprire.jpg\" \/>\n\t<meta property=\"og:image:width\" content=\"2000\" \/>\n\t<meta property=\"og:image:height\" content=\"1000\" \/>\n\t<meta property=\"og:image:type\" content=\"image\/jpeg\" \/>\n<meta name=\"twitter:card\" content=\"summary_large_image\" \/>\n<meta name=\"twitter:label1\" content=\"Tempo di lettura stimato\" \/>\n\t<meta name=\"twitter:data1\" content=\"3 minuti\" \/>\n<script type=\"application\/ld+json\" class=\"yoast-schema-graph\">{\"@context\":\"https:\/\/schema.org\",\"@graph\":[{\"@type\":\"WebPage\",\"@id\":\"https:\/\/duchidaosta.com\/it\/scopri-trieste\/\",\"url\":\"https:\/\/duchidaosta.com\/it\/scopri-trieste\/\",\"name\":\"Alla scoperta di Trieste - Grand Hotel Duchi d&#039;Aosta\",\"isPartOf\":{\"@id\":\"https:\/\/duchidaosta.com\/it\/#website\"},\"primaryImageOfPage\":{\"@id\":\"https:\/\/duchidaosta.com\/it\/scopri-trieste\/#primaryimage\"},\"image\":{\"@id\":\"https:\/\/duchidaosta.com\/it\/scopri-trieste\/#primaryimage\"},\"thumbnailUrl\":\"https:\/\/duchidaosta.com\/wp-content\/uploads\/2023\/09\/hotel-duchi-daosta-trieste-da-scoprire.jpg\",\"datePublished\":\"2023-09-04T15:22:32+00:00\",\"dateModified\":\"2023-11-03T08:15:32+00:00\",\"description\":\"Bella e colta, Trieste \u00e8 la citt\u00e0 pi\u00f9 cosmopolita d\u2019Italia. Vi si respira il glorioso passato asburgico che ne fece \u201cla piccola Vienna sul mare\u201d.\",\"breadcrumb\":{\"@id\":\"https:\/\/duchidaosta.com\/it\/scopri-trieste\/#breadcrumb\"},\"inLanguage\":\"it-IT\",\"potentialAction\":[{\"@type\":\"ReadAction\",\"target\":[\"https:\/\/duchidaosta.com\/it\/scopri-trieste\/\"]}]},{\"@type\":\"ImageObject\",\"inLanguage\":\"it-IT\",\"@id\":\"https:\/\/duchidaosta.com\/it\/scopri-trieste\/#primaryimage\",\"url\":\"https:\/\/duchidaosta.com\/wp-content\/uploads\/2023\/09\/hotel-duchi-daosta-trieste-da-scoprire.jpg\",\"contentUrl\":\"https:\/\/duchidaosta.com\/wp-content\/uploads\/2023\/09\/hotel-duchi-daosta-trieste-da-scoprire.jpg\",\"width\":2000,\"height\":1000,\"caption\":\"Edifici storici sul porto\"},{\"@type\":\"BreadcrumbList\",\"@id\":\"https:\/\/duchidaosta.com\/it\/scopri-trieste\/#breadcrumb\",\"itemListElement\":[{\"@type\":\"ListItem\",\"position\":1,\"name\":\"Home\",\"item\":\"https:\/\/duchidaosta.com\/it\/\"},{\"@type\":\"ListItem\",\"position\":2,\"name\":\"Scopri Trieste\"}]},{\"@type\":\"WebSite\",\"@id\":\"https:\/\/duchidaosta.com\/it\/#website\",\"url\":\"https:\/\/duchidaosta.com\/it\/\",\"name\":\"Grand Hotel Duchi d&#039;Aosta\",\"description\":\"\",\"publisher\":{\"@id\":\"https:\/\/duchidaosta.com\/it\/#organization\"},\"potentialAction\":[{\"@type\":\"SearchAction\",\"target\":{\"@type\":\"EntryPoint\",\"urlTemplate\":\"https:\/\/duchidaosta.com\/it\/?s={search_term_string}\"},\"query-input\":{\"@type\":\"PropertyValueSpecification\",\"valueRequired\":true,\"valueName\":\"search_term_string\"}}],\"inLanguage\":\"it-IT\"},{\"@type\":\"Organization\",\"@id\":\"https:\/\/duchidaosta.com\/it\/#organization\",\"name\":\"Grand Hotel Duchi d&#039;Aosta\",\"url\":\"https:\/\/duchidaosta.com\/it\/\",\"logo\":{\"@type\":\"ImageObject\",\"inLanguage\":\"it-IT\",\"@id\":\"https:\/\/duchidaosta.com\/it\/#\/schema\/logo\/image\/\",\"url\":\"https:\/\/duchidaosta.com\/wp-content\/uploads\/2023\/07\/logo-duchi-daosta.svg\",\"contentUrl\":\"https:\/\/duchidaosta.com\/wp-content\/uploads\/2023\/07\/logo-duchi-daosta.svg\",\"caption\":\"Grand Hotel Duchi d&#039;Aosta\"},\"image\":{\"@id\":\"https:\/\/duchidaosta.com\/it\/#\/schema\/logo\/image\/\"},\"sameAs\":[\"https:\/\/www.facebook.com\/Hotel.Duchi.Trieste\",\"https:\/\/www.instagram.com\/duchitrieste\/\",\"https:\/\/www.linkedin.com\/company\/grand-hotel-duchi-d-aosta-harry-s-piccolo-bistr-trieste\/\"]}]}<\/script>\n<!-- \/ Yoast SEO plugin. -->","yoast_head_json":{"title":"Alla scoperta di Trieste - Grand Hotel Duchi d&#039;Aosta","description":"Bella e colta, Trieste \u00e8 la citt\u00e0 pi\u00f9 cosmopolita d\u2019Italia. Vi si respira il glorioso passato asburgico che ne fece \u201cla piccola Vienna sul mare\u201d.","robots":{"index":"index","follow":"follow","max-snippet":"max-snippet:-1","max-image-preview":"max-image-preview:large","max-video-preview":"max-video-preview:-1"},"canonical":"https:\/\/duchidaosta.com\/it\/scopri-trieste\/","og_locale":"it_IT","og_type":"article","og_title":"Alla scoperta di Trieste - Grand Hotel Duchi d&#039;Aosta","og_description":"Bella e colta, Trieste \u00e8 la citt\u00e0 pi\u00f9 cosmopolita d\u2019Italia. Vi si respira il glorioso passato asburgico che ne fece \u201cla piccola Vienna sul mare\u201d.","og_url":"https:\/\/duchidaosta.com\/it\/scopri-trieste\/","og_site_name":"Grand Hotel Duchi d&#039;Aosta","article_publisher":"https:\/\/www.facebook.com\/Hotel.Duchi.Trieste","article_modified_time":"2023-11-03T08:15:32+00:00","og_image":[{"width":2000,"height":1000,"url":"https:\/\/duchidaosta.com\/wp-content\/uploads\/2023\/09\/hotel-duchi-daosta-trieste-da-scoprire.jpg","type":"image\/jpeg"}],"twitter_card":"summary_large_image","twitter_misc":{"Tempo di lettura stimato":"3 minuti"},"schema":{"@context":"https:\/\/schema.org","@graph":[{"@type":"WebPage","@id":"https:\/\/duchidaosta.com\/it\/scopri-trieste\/","url":"https:\/\/duchidaosta.com\/it\/scopri-trieste\/","name":"Alla scoperta di Trieste - Grand Hotel Duchi d&#039;Aosta","isPartOf":{"@id":"https:\/\/duchidaosta.com\/it\/#website"},"primaryImageOfPage":{"@id":"https:\/\/duchidaosta.com\/it\/scopri-trieste\/#primaryimage"},"image":{"@id":"https:\/\/duchidaosta.com\/it\/scopri-trieste\/#primaryimage"},"thumbnailUrl":"https:\/\/duchidaosta.com\/wp-content\/uploads\/2023\/09\/hotel-duchi-daosta-trieste-da-scoprire.jpg","datePublished":"2023-09-04T15:22:32+00:00","dateModified":"2023-11-03T08:15:32+00:00","description":"Bella e colta, Trieste \u00e8 la citt\u00e0 pi\u00f9 cosmopolita d\u2019Italia. Vi si respira il glorioso passato asburgico che ne fece \u201cla piccola Vienna sul mare\u201d.","breadcrumb":{"@id":"https:\/\/duchidaosta.com\/it\/scopri-trieste\/#breadcrumb"},"inLanguage":"it-IT","potentialAction":[{"@type":"ReadAction","target":["https:\/\/duchidaosta.com\/it\/scopri-trieste\/"]}]},{"@type":"ImageObject","inLanguage":"it-IT","@id":"https:\/\/duchidaosta.com\/it\/scopri-trieste\/#primaryimage","url":"https:\/\/duchidaosta.com\/wp-content\/uploads\/2023\/09\/hotel-duchi-daosta-trieste-da-scoprire.jpg","contentUrl":"https:\/\/duchidaosta.com\/wp-content\/uploads\/2023\/09\/hotel-duchi-daosta-trieste-da-scoprire.jpg","width":2000,"height":1000,"caption":"Edifici storici sul porto"},{"@type":"BreadcrumbList","@id":"https:\/\/duchidaosta.com\/it\/scopri-trieste\/#breadcrumb","itemListElement":[{"@type":"ListItem","position":1,"name":"Home","item":"https:\/\/duchidaosta.com\/it\/"},{"@type":"ListItem","position":2,"name":"Scopri Trieste"}]},{"@type":"WebSite","@id":"https:\/\/duchidaosta.com\/it\/#website","url":"https:\/\/duchidaosta.com\/it\/","name":"Grand Hotel Duchi d&#039;Aosta","description":"","publisher":{"@id":"https:\/\/duchidaosta.com\/it\/#organization"},"potentialAction":[{"@type":"SearchAction","target":{"@type":"EntryPoint","urlTemplate":"https:\/\/duchidaosta.com\/it\/?s={search_term_string}"},"query-input":{"@type":"PropertyValueSpecification","valueRequired":true,"valueName":"search_term_string"}}],"inLanguage":"it-IT"},{"@type":"Organization","@id":"https:\/\/duchidaosta.com\/it\/#organization","name":"Grand Hotel Duchi d&#039;Aosta","url":"https:\/\/duchidaosta.com\/it\/","logo":{"@type":"ImageObject","inLanguage":"it-IT","@id":"https:\/\/duchidaosta.com\/it\/#\/schema\/logo\/image\/","url":"https:\/\/duchidaosta.com\/wp-content\/uploads\/2023\/07\/logo-duchi-daosta.svg","contentUrl":"https:\/\/duchidaosta.com\/wp-content\/uploads\/2023\/07\/logo-duchi-daosta.svg","caption":"Grand Hotel Duchi d&#039;Aosta"},"image":{"@id":"https:\/\/duchidaosta.com\/it\/#\/schema\/logo\/image\/"},"sameAs":["https:\/\/www.facebook.com\/Hotel.Duchi.Trieste","https:\/\/www.instagram.com\/duchitrieste\/","https:\/\/www.linkedin.com\/company\/grand-hotel-duchi-d-aosta-harry-s-piccolo-bistr-trieste\/"]}]}},"coauthors":[],"author_meta":{"author_link":"https:\/\/duchidaosta.com\/it\/author\/fede\/","display_name":"Fede"},"relative_dates":{"created":"Pubblicato 3 anni fa","modified":"Aggiornato 2 anni fa"},"absolute_dates":{"created":"Pubblicato il 04\/09\/2023","modified":"Aggiornato il 03\/11\/2023"},"absolute_dates_time":{"created":"Pubblicato il 04\/09\/2023 17:22","modified":"Aggiornato il 03\/11\/2023 09:15"},"featured_img_caption":"","featured_img":"https:\/\/duchidaosta.com\/wp-content\/uploads\/2023\/09\/hotel-duchi-daosta-trieste-da-scoprire-1568x784.jpg","series_order":"","_links":{"self":[{"href":"https:\/\/duchidaosta.com\/it\/wp-json\/wp\/v2\/pages\/4905","targetHints":{"allow":["GET"]}}],"collection":[{"href":"https:\/\/duchidaosta.com\/it\/wp-json\/wp\/v2\/pages"}],"about":[{"href":"https:\/\/duchidaosta.com\/it\/wp-json\/wp\/v2\/types\/page"}],"author":[{"embeddable":true,"href":"https:\/\/duchidaosta.com\/it\/wp-json\/wp\/v2\/users\/11"}],"replies":[{"embeddable":true,"href":"https:\/\/duchidaosta.com\/it\/wp-json\/wp\/v2\/comments?post=4905"}],"version-history":[{"count":0,"href":"https:\/\/duchidaosta.com\/it\/wp-json\/wp\/v2\/pages\/4905\/revisions"}],"wp:featuredmedia":[{"embeddable":true,"href":"https:\/\/duchidaosta.com\/it\/wp-json\/wp\/v2\/media\/5485"}],"wp:attachment":[{"href":"https:\/\/duchidaosta.com\/it\/wp-json\/wp\/v2\/media?parent=4905"}],"curies":[{"name":"wp","href":"https:\/\/api.w.org\/{rel}","templated":true}]}}